{"id":875,"date":"2022-03-12T17:28:41","date_gmt":"2022-03-12T16:28:41","guid":{"rendered":"https:\/\/dresdner-kaffeestuebchen.de\/our-selection\/"},"modified":"2022-03-21T22:14:05","modified_gmt":"2022-03-21T21:14:05","slug":"our-selection","status":"publish","type":"page","link":"https:\/\/dresdner-kaffeestuebchen.de\/en\/our-selection\/","title":{"rendered":"Our selection"},"content":{"rendered":"\n\n\t<section class=\"section\" id=\"section_1499144601\">\n\t\t<div class=\"section-bg fill\" >\n\t\t\t\t\t\t\t\t\t\n\t\t\t\n\n\t\t<\/div>\n\n\t\t\n\n\t\t<div class=\"section-content relative\">\n\t\t\t\n\n<div class=\"row row-collapse row-full-width align-middle\"  id=\"row-1384772123\">\n\n\n\t<div id=\"col-1586609027\" class=\"col medium-12 small-12 large-6\"  >\n\t\t\t\t<div class=\"col-inner\"  >\n\t\t\t\n\t\t\t\n\n\t<div id=\"gap-1324083739\" class=\"gap-element clearfix\" style=\"display:block; height:auto;\">\n\t\t\n<style>\n#gap-1324083739 {\n  padding-top: 50px;\n}\n<\/style>\n\t<\/div>\n\t\n\n<div class=\"row align-center\"  id=\"row-1371684078\">\n\n\n\t<div id=\"col-1221447820\" class=\"col medium-10 small-12 large-10\"  >\n\t\t\t\t<div class=\"col-inner text-center\"  >\n\t\t\t\n\t\t\t\n\n\t<div id=\"text-1740298185\" class=\"text\">\n\t\t\n\n<h1 class=\"uppercase\">Liebe G\u00e4ste<\/h1>\n\t\t\n<style>\n#text-1740298185 {\n  font-size: 1.75rem;\n}\n@media (min-width:550px) {\n  #text-1740298185 {\n    font-size: 2.25rem;\n  }\n}\n<\/style>\n\t<\/div>\n\t\n<p>wir verf\u00fchren sie in unserem <q>Dresdner Kaffeest\u00fcbchen<\/q> mit traditionellen s\u00e4chsischen Kuchen- und Tortenspezialit\u00e4ten nach Rezepten unserer Familie. <\/p>\n<p>Auch unsere Wurstwaren sind aus s\u00e4chsischen Fleischerein, sie werden es am vorz\u00fcglichen Geschmack erleben, er ist einzigartig.<\/p>\n\t<div id=\"gap-449401957\" class=\"gap-element clearfix\" style=\"display:block; height:auto;\">\n\t\t\n<style>\n#gap-449401957 {\n  padding-top: 20px;\n}\n@media (min-width:550px) {\n  #gap-449401957 {\n    padding-top: 30px;\n  }\n}\n<\/style>\n\t<\/div>\n\t\n\n<a href=\"\/shop\" class=\"button secondary is-underline\" >\n\t\t<span>Direkt Online Kaufen<\/span>\n\t<\/a>\n\n\n\n\t\t<\/div>\n\t\t\t\t\n<style>\n#col-1221447820 > .col-inner {\n  padding: 30px 5% 30px 5%;\n}\n@media (min-width:550px) {\n  #col-1221447820 > .col-inner {\n    padding: 50px 10% 50px 10%;\n  }\n}\n@media (min-width:850px) {\n  #col-1221447820 > .col-inner {\n    padding: 0px 10% 0px 10%;\n  }\n}\n<\/style>\n\t<\/div>\n\n\t\n\n<\/div>\n\n\t\t<\/div>\n\t\t\t\t\t<\/div>\n\n\t\n\n\t<div id=\"col-1569981848\" class=\"col medium-12 small-12 large-6\"  >\n\t\t\t\t<div class=\"col-inner\" style=\"background-color:rgb(255, 255, 255);\" >\n\t\t\t\n\t\t\t\n\n<div class=\"slider-wrapper relative\" id=\"slider-91725848\" >\n    <div class=\"slider slider-nav-dots-dashes slider-nav-circle slider-nav-large slider-nav-light slider-style-container\"\n        data-flickity-options='{\n            \"cellAlign\": \"center\",\n            \"imagesLoaded\": true,\n            \"lazyLoad\": 1,\n            \"freeScroll\": false,\n            \"wrapAround\": true,\n            \"autoPlay\": 3500,\n            \"pauseAutoPlayOnHover\" : false,\n            \"prevNextButtons\": false,\n            \"contain\" : true,\n            \"adaptiveHeight\" : true,\n            \"dragThreshold\" : 10,\n            \"percentPosition\": true,\n            \"pageDots\": true,\n            \"rightToLeft\": false,\n            \"draggable\": true,\n            \"selectedAttraction\": 0.1,\n            \"parallax\" : 0,\n            \"friction\": 0.6        }'\n        >\n        \n\n\n  <div class=\"banner has-hover\" id=\"banner-428527338\">\n          <div class=\"banner-inner fill\">\n        <div class=\"banner-bg fill\" >\n            <img decoding=\"async\" width=\"554\" height=\"800\" src=\"https:\/\/dresdner-kaffeestuebchen.de\/wp-content\/uploads\/2022\/03\/fleischplatte.jpg\" class=\"bg attachment-large size-large\" alt=\"Fr\u00fchst\u00fcck Fleischplatte Dresdner Kaffeest\u00fcbchen\" \/>                                    \n                    <\/div>\n\t\t\n        <div class=\"banner-layers container\">\n            <div class=\"fill banner-link\"><\/div>            \n\n   <div id=\"text-box-1822388271\" class=\"text-box banner-layer x50 md-x50 lg-x50 y50 md-y50 lg-y50 res-text\">\n                                <div class=\"text-box-content text dark\">\n              \n              <div class=\"text-inner text-center\">\n                  \n\n\n              <\/div>\n           <\/div>\n                            \n<style>\n#text-box-1822388271 {\n  width: 60%;\n}\n#text-box-1822388271 .text-box-content {\n  font-size: 100%;\n}\n<\/style>\n    <\/div>\n \n\n        <\/div>\n      <\/div>\n\n            \n<style>\n#banner-428527338 {\n  padding-top: 300px;\n  background-color: rgba(255, 255, 255, 0);\n}\n@media (min-width:550px) {\n  #banner-428527338 {\n    padding-top: 450px;\n  }\n}\n@media (min-width:850px) {\n  #banner-428527338 {\n    padding-top: 550px;\n  }\n}\n<\/style>\n  <\/div>\n\n\n\n     <\/div>\n\n     <div class=\"loading-spin dark large centered\"><\/div>\n\n\t<\/div>\n\n\n\n\t\t<\/div>\n\t\t\t\t\t<\/div>\n\n\t\n\n<\/div>\n\n\t\t<\/div>\n\n\t\t\n<style>\n#section_1499144601 {\n  padding-top: 0px;\n  padding-bottom: 0px;\n  background-color: rgb(0,0,0);\n}\n<\/style>\n\t<\/section>\n\t\n<div class=\"row row-collapse row-full-width align-middle\"  id=\"row-1901957164\">\n\n\n\t<div id=\"col-525587388\" class=\"col medium-6 small-12 large-6\"  >\n\t\t\t\t<div class=\"col-inner text-right\"  >\n\t\t\t\n\t\t\t\n\n<h2 style=\"text-align: right;\">UNSERE LIK\u00d6R-HAUSMARKEN<\/h2>\n<h3 style=\"text-align: right;\"><q>DRESDNER KAFFEELIK\u00d6R<\/q><\/h3>\n<p style=\"text-align: right;\"><q>Qualit\u00e4t schmeckt man. Seinen sinnlichen Charakter verdankt unser Dresdner Kaffeelik\u00f6r hochwertigen exklusiven Zutaten. Kaffeeausz\u00fcge bilden dabei die Grundlage. Die Kaffeebohnen werden sorgsam ausgew\u00e4hlt, gemahlen und langsam extrahiert. Appetit bekommen? Den Dresdner Kaffeelik\u00f6r finden sie auch bei uns im <a href=\"https:\/\/www.dresdner-kaffeestuebchen.de\/shop\/\">Onlineshop<\/a>.<\/q><\/p>\n<a data-animate=\"fadeInUp\" href=\"\/shop\" class=\"button primary is-outline\" >\n\t\t<span>zum Shop<\/span>\n\t<\/a>\n\n\n\n\t\t<\/div>\n\t\t\t\t\n<style>\n#col-525587388 > .col-inner {\n  padding: 5% 5% 5% 5%;\n  max-width: 520px;\n}\n<\/style>\n\t<\/div>\n\n\t\n\n\t<div id=\"col-1081516638\" class=\"col medium-6 small-12 large-6\"  >\n\t\t\t\t<div class=\"col-inner text-center\"  >\n\t\t\t\n\t\t\t\n\n\t<div class=\"img has-hover x md-x lg-x y md-y lg-y\" id=\"image_1430345500\">\n\t\t\t\t\t\t\t\t<div class=\"img-inner dark\" >\n\t\t\t<img decoding=\"async\" width=\"827\" height=\"800\" src=\"https:\/\/dresdner-kaffeestuebchen.de\/wp-content\/uploads\/2022\/01\/Dresdner-Kaffeelikoer-827x800.jpg\" class=\"attachment-large size-large\" alt=\"Dresdner Kaffeelik\u00f6r\" srcset=\"https:\/\/dresdner-kaffeestuebchen.de\/wp-content\/uploads\/2022\/01\/Dresdner-Kaffeelikoer-827x800.jpg 827w, https:\/\/dresdner-kaffeestuebchen.de\/wp-content\/uploads\/2022\/01\/Dresdner-Kaffeelikoer-600x581.jpg 600w, https:\/\/dresdner-kaffeestuebchen.de\/wp-content\/uploads\/2022\/01\/Dresdner-Kaffeelikoer-413x400.jpg 413w, https:\/\/dresdner-kaffeestuebchen.de\/wp-content\/uploads\/2022\/01\/Dresdner-Kaffeelikoer-768x743.jpg 768w, https:\/\/dresdner-kaffeestuebchen.de\/wp-content\/uploads\/2022\/01\/Dresdner-Kaffeelikoer.jpg 1200w\" sizes=\"(max-width: 827px) 100vw, 827px\" \/>\t\t\t\t\t\t\n\t\t\t\t\t<\/div>\n\t\t\t\t\t\t\t\t\n<style>\n#image_1430345500 {\n  width: 76%;\n}\n<\/style>\n\t<\/div>\n\t\n\n\n\t\t<\/div>\n\t\t\t\t\t<\/div>\n\n\t\n\n<\/div>\n<div class=\"row row-collapse row-full-width align-middle\"  id=\"row-1478143160\">\n\n\n\t<div id=\"col-1795885993\" class=\"col medium-6 small-12 large-6\"  >\n\t\t\t\t<div class=\"col-inner\"  >\n\t\t\t\n\t\t\t\n\n\t<div class=\"img has-hover x md-x lg-x y md-y lg-y\" id=\"image_2012234238\">\n\t\t\t\t\t\t\t\t<div class=\"img-inner image-cover dark\" style=\"padding-top:66%;\">\n\t\t\t<img decoding=\"async\" width=\"599\" height=\"400\" src=\"https:\/\/dresdner-kaffeestuebchen.de\/wp-content\/uploads\/2022\/03\/dresden_elbegeist-599x400.jpg\" class=\"attachment-medium size-medium\" alt=\"Elbegeist Dresden\" srcset=\"https:\/\/dresdner-kaffeestuebchen.de\/wp-content\/uploads\/2022\/03\/dresden_elbegeist-599x400.jpg 599w, https:\/\/dresdner-kaffeestuebchen.de\/wp-content\/uploads\/2022\/03\/dresden_elbegeist-600x401.jpg 600w, https:\/\/dresdner-kaffeestuebchen.de\/wp-content\/uploads\/2022\/03\/dresden_elbegeist.jpg 650w\" sizes=\"(max-width: 599px) 100vw, 599px\" \/>\t\t\t\t\t\t\n\t\t\t\t\t<\/div>\n\t\t\t\t\t\t\t\t\n<style>\n#image_2012234238 {\n  width: 100%;\n}\n<\/style>\n\t<\/div>\n\t\n\n\n\t\t<\/div>\n\t\t\t\t\t<\/div>\n\n\t\n\n\t<div id=\"col-1142195740\" class=\"col medium-6 small-12 large-6\"  >\n\t\t\t\t<div class=\"col-inner\"  >\n\t\t\t\n\t\t\t\n\n<h3><q>DER ELBEGEIST &#8211; DER GEIST DER VERBINDET<\/q><\/h3>\n<p>&#8230;Der Elbegeist &#8211; Der Geist der verbindet <\/p>\n<p><q>Der Elbegeist<\/q> ist eine Beerenmischung mit mildem Alkohol \u00fcberzogen. Schonend destilliert verleihen diesem Geist eine feine Note. Weitere Informationen und die M\u00f6glichkeit zur Bestellung finden sie im <a href=\"https:\/\/www.dresdner-kaffeestuebchen.de\/shop\/\">Shop<\/a>.<\/p>\n\n\t\t<\/div>\n\t\t\t\t\n<style>\n#col-1142195740 > .col-inner {\n  padding: 5% 5% 5% 5%;\n  max-width: 520px;\n}\n<\/style>\n\t<\/div>\n\n\t\n\n<\/div>\n<div class=\"row row-collapse row-full-width align-middle\"  id=\"row-2057310369\">\n\n\n\t<div id=\"col-508833495\" class=\"col medium-6 small-12 large-6\"  >\n\t\t\t\t<div class=\"col-inner\"  >\n\t\t\t\n\t\t\t\n\n<h3 style=\"text-align: right;\"><q>S\u00c4CHSISCHER KR\u00c4UTERSCHLINGEL<\/q><\/h3>\n<p style=\"text-align: right;\">Genuss&nbsp;ist ein wichtiger Teil&nbsp;s\u00e4chsischer&nbsp;Identit\u00e4t. <br \/>Unser Kr\u00e4uterschlingel steht als Garant f\u00fcr ein traditionelles, s\u00e4chsisches Qualit\u00e4tsprodukt.<br \/>Ein besonders feiner Geschmack und der verf\u00fchrerische Duft sonnengereifter Kr\u00e4uter geben dem edlen Kr\u00e4uterlik\u00f6r seinen freundlichen Charakter. Tut gut &amp; Schmeckt gut. <\/p>\n<p>Bestellung des Kr\u00e4uterschlingel ist auch online im <a href=\"https:\/\/www.dresdner-kaffeestuebchen.de\/shop\/\">Shop<\/a> m\u00f6glich.<\/p>\n\n\t\t<\/div>\n\t\t\t\t\n<style>\n#col-508833495 > .col-inner {\n  padding: 5% 5% 5% 5%;\n  max-width: 520px;\n}\n<\/style>\n\t<\/div>\n\n\t\n\n\t<div id=\"col-615694196\" class=\"col medium-6 small-12 large-6\"  >\n\t\t\t\t<div class=\"col-inner\"  >\n\t\t\t\n\t\t\t\n\n\t<div class=\"img has-hover x md-x lg-x y md-y lg-y\" id=\"image_1214943685\">\n\t\t\t\t\t\t\t\t<div class=\"img-inner dark\" >\n\t\t\t<img decoding=\"async\" width=\"500\" height=\"343\" src=\"https:\/\/dresdner-kaffeestuebchen.de\/wp-content\/uploads\/2022\/03\/Kraeuterschlingel_flyer.jpg\" class=\"attachment-large size-large\" alt=\"S\u00e4chsischer Kr\u00e4uterschlingel\" \/>\t\t\t\t\t\t\n\t\t\t\t\t<\/div>\n\t\t\t\t\t\t\t\t\n<style>\n#image_1214943685 {\n  width: 100%;\n}\n<\/style>\n\t<\/div>\n\t\n\n\n\t\t<\/div>\n\t\t\t\t\n<style>\n#col-615694196 > .col-inner {\n  padding: 5px 5px 5px 5;\n  margin: 5px 5px 5px 5;\n}\n<\/style>\n\t<\/div>\n\n\t\n\n\n<style>\n#row-2057310369 > .col > .col-inner {\n  padding: 5px 5px 5px 5;\n}\n<\/style>\n<\/div>\n<div class=\"row row-collapse row-full-width align-middle\"  id=\"row-1644263725\">\n\n\n\t<div id=\"col-448787317\" class=\"col medium-6 small-12 large-6\"  >\n\t\t\t\t<div class=\"col-inner\"  >\n\t\t\t\n\t\t\t\n\n\t<div class=\"img has-hover x md-x lg-x y md-y lg-y\" id=\"image_1454228578\">\n\t\t\t\t\t\t\t\t<div class=\"img-inner dark\" >\n\t\t\t<img decoding=\"async\" width=\"562\" height=\"800\" src=\"https:\/\/dresdner-kaffeestuebchen.de\/wp-content\/uploads\/2022\/03\/2022-03_Eierscheckenlikoer_Plakat_Ansicht-2-562x800.jpg\" class=\"attachment-large size-large\" alt=\"\" srcset=\"https:\/\/dresdner-kaffeestuebchen.de\/wp-content\/uploads\/2022\/03\/2022-03_Eierscheckenlikoer_Plakat_Ansicht-2-562x800.jpg 562w, https:\/\/dresdner-kaffeestuebchen.de\/wp-content\/uploads\/2022\/03\/2022-03_Eierscheckenlikoer_Plakat_Ansicht-2-281x400.jpg 281w, https:\/\/dresdner-kaffeestuebchen.de\/wp-content\/uploads\/2022\/03\/2022-03_Eierscheckenlikoer_Plakat_Ansicht-2-600x855.jpg 600w, https:\/\/dresdner-kaffeestuebchen.de\/wp-content\/uploads\/2022\/03\/2022-03_Eierscheckenlikoer_Plakat_Ansicht-2.jpg 702w\" sizes=\"(max-width: 562px) 100vw, 562px\">\t\t\t\t\t\t\n\t\t\t\t\t<\/div>\n\t\t\t\t\t\t\t\t\n<style>\n#image_1454228578 {\n  width: 100%;\n}\n<\/style>\n\t<\/div>\n\t\n\n\n\t\t<\/div>\n\t\t\t\t\t<\/div>\n\n\t\n\n\t<div id=\"col-1479155493\" class=\"col medium-6 small-12 large-6\"  >\n\t\t\t\t<div class=\"col-inner\"  >\n\t\t\t\n\t\t\t\n\n<h3><q>GESCHICHTE DES EIERSCHECKEN-LIK\u00d6R<\/q><\/h3>\n<p>Der Eierschecken-Lik\u00f6r ist ein leckerer nach unserem Familienrezept hergestellter Eierlik\u00f6r mit Mandelaroma. Heute ist es m\u00f6glich, den Namen und den Geschmack der Eierschecke in die ganze Welt zu exportieren und dem Bedauern vom Dresdner Erich K\u00e4stner: &#8220;Die Eierschecke ist eine Kuchensorte, die zum Schaden der Menschheit auf dem Rest des Globus unbekannt geblieben ist&#8221; ist somit ein Ende gesetzt. Genie\u00dfen Sie den Eierschecken-Lik\u00f6r zu Kuchen, zu Eis oder was Sie auch immer an s\u00fc\u00dfen K\u00f6stlichkeiten Ihren lieben G\u00e4sten anbieten m\u00f6chten. Mit dem leckeren Eierschecken-Lik\u00f6r liegen Sie immer richtig. <\/p>\n<p>Bestellung des Eierschecken-Lik\u00f6rs ist auch online im <a href=\"https:\/\/www.dresdner-kaffeestuebchen.de\/shop\/shop.php\">Shop<\/a> m\u00f6glich.<\/p>\n\n\t\t<\/div>\n\t\t\t\t\n<style>\n#col-1479155493 > .col-inner {\n  padding: 5% 5% 5% 5%;\n  max-width: 520px;\n}\n<\/style>\n\t<\/div>\n\n\t\n\n<\/div>\n\n","protected":false},"excerpt":{"rendered":"","protected":false},"author":2,"featured_media":0,"parent":0,"menu_order":0,"comment_status":"closed","ping_status":"closed","template":"page-blank.php","meta":{"footnotes":""},"class_list":["post-875","page","type-page","status-publish","hentry"],"_links":{"self":[{"href":"https:\/\/dresdner-kaffeestuebchen.de\/en\/wp-json\/wp\/v2\/pages\/875","targetHints":{"allow":["GET"]}}],"collection":[{"href":"https:\/\/dresdner-kaffeestuebchen.de\/en\/wp-json\/wp\/v2\/pages"}],"about":[{"href":"https:\/\/dresdner-kaffeestuebchen.de\/en\/wp-json\/wp\/v2\/types\/page"}],"author":[{"embeddable":true,"href":"https:\/\/dresdner-kaffeestuebchen.de\/en\/wp-json\/wp\/v2\/users\/2"}],"replies":[{"embeddable":true,"href":"https:\/\/dresdner-kaffeestuebchen.de\/en\/wp-json\/wp\/v2\/comments?post=875"}],"version-history":[{"count":6,"href":"https:\/\/dresdner-kaffeestuebchen.de\/en\/wp-json\/wp\/v2\/pages\/875\/revisions"}],"predecessor-version":[{"id":1163,"href":"https:\/\/dresdner-kaffeestuebchen.de\/en\/wp-json\/wp\/v2\/pages\/875\/revisions\/1163"}],"wp:attachment":[{"href":"https:\/\/dresdner-kaffeestuebchen.de\/en\/wp-json\/wp\/v2\/media?parent=875"}],"curies":[{"name":"wp","href":"https:\/\/api.w.org\/{rel}","templated":true}]}}