{"id":846,"date":"2022-03-04T12:43:24","date_gmt":"2022-03-04T11:43:24","guid":{"rendered":"https:\/\/dresdner-kaffeestuebchen.de\/celebration-in-the-stuebchen\/"},"modified":"2023-08-08T15:42:55","modified_gmt":"2023-08-08T13:42:55","slug":"celebration-in-the-stuebchen","status":"publish","type":"page","link":"https:\/\/dresdner-kaffeestuebchen.de\/en\/celebration-in-the-stuebchen\/","title":{"rendered":"Celebration in the St\u00fcbchen"},"content":{"rendered":"\n\n\t<section class=\"section\" id=\"section_1971469157\">\n\t\t<div class=\"section-bg fill\" >\n\t\t\t\t\t\t\t\t\t\n\t\t\t\n\n\t\t<\/div>\n\n\t\t\n\n\t\t<div class=\"section-content relative\">\n\t\t\t\n\n\t<div id=\"gap-676702520\" class=\"gap-element clearfix\" style=\"display:block; height:auto;\">\n\t\t\n<style>\n#gap-676702520 {\n  padding-top: 30px;\n}\n@media (min-width:550px) {\n  #gap-676702520 {\n    padding-top: 75px;\n  }\n}\n@media (min-width:850px) {\n  #gap-676702520 {\n    padding-top: 50px;\n  }\n}\n<\/style>\n\t<\/div>\n\t\n\n<div class=\"row\" style=\"max-width:1300px\" id=\"row-1377262558\">\n\n\n\t<div id=\"col-1796949923\" class=\"col small-12 large-12\"  >\n\t\t\t\t<div class=\"col-inner\" style=\"background-color:rgb(246, 246, 246);\" >\n\t\t\t\n\t\t\t\n\n<div class=\"row align-middle align-center\" style=\"max-width:1300px\" id=\"row-1911174381\">\n\n\n\t<div id=\"col-1320689893\" class=\"col small-12 large-12\"  >\n\t\t\t\t<div class=\"col-inner\"  >\n\t\t\t\n\t\t\t\n\n\t<div class=\"img has-hover x md-x lg-x y md-y lg-y\" id=\"image_2084738464\">\n\t\t\t\t\t\t\t\t<div class=\"img-inner dark\" >\n\t\t\t<img decoding=\"async\" width=\"1020\" height=\"680\" src=\"https:\/\/dresdner-kaffeestuebchen.de\/wp-content\/uploads\/2022\/03\/DSC3720.jpg\" class=\"attachment-large size-large\" alt=\"Dresdner Kaffeest\u00fcbchen Lokal\" srcset=\"https:\/\/dresdner-kaffeestuebchen.de\/wp-content\/uploads\/2022\/03\/DSC3720.jpg 1200w, https:\/\/dresdner-kaffeestuebchen.de\/wp-content\/uploads\/2022\/03\/DSC3720-600x400.jpg 600w, https:\/\/dresdner-kaffeestuebchen.de\/wp-content\/uploads\/2022\/03\/DSC3720-768x512.jpg 768w\" sizes=\"(max-width: 1020px) 100vw, 1020px\" \/>\t\t\t\t\t\t\n\t\t\t\t\t<\/div>\n\t\t\t\t\t\t\t\t\n<style>\n#image_2084738464 {\n  width: 100%;\n}\n<\/style>\n\t<\/div>\n\t\n\n\n\t\t<\/div>\n\t\t\t\t\t<\/div>\n\n\t\n\n\t<div id=\"col-222171755\" class=\"col medium-7 small-12 large-12\"  >\n\t\t\t\t<div class=\"col-inner text-center\"  >\n\t\t\t\n\t\t\t\n\n\t<div id=\"gap-541829773\" class=\"gap-element clearfix\" style=\"display:block; height:auto;\">\n\t\t\n<style>\n#gap-541829773 {\n  padding-top: 50px;\n}\n<\/style>\n\t<\/div>\n\t\n\n<h2>Feiern bei uns im Kaffeest\u00fcbchen<\/h2>\n<p>Liebe G\u00e4ste, wir freuen uns, nun endlich die M\u00f6glichkeit anbieten zu k\u00f6nnen, unser Dresdner Kaffeest\u00fcbchen auch anzumieten. \u2028\u2028An den Wochenendtagen Samstag und Sonntag besteht die M\u00f6glichkeit, f\u00fcr Feierlichkeiten bis zu 12 Personen ab 15.00 Uhr zu einem Stundenpreis von 50\u20ac zuzgl. MwST. unser Dresdner Kaffeest\u00fcbchen zu buchen.<\/p>\n<p>Absprachen zur Bewirtung finden dann im pers\u00f6nlichen Gespr\u00e4ch statt.<\/p>\n<p>\u00d6ffnungszeiten:<\/p>\n<p><strong>Montag bis Sonntag 8.59Uhr bis 13.59Uhr<\/strong><\/p>\n\n<a href=\"tel:+4915154846625\" target=\"_blank\" class=\"button secondary is-underline\" rel=\"noopener\" >\n\t\t<span>INQUIRE NOW!<\/span>\n\t<\/a>\n\n\n\n\t\t<\/div>\n\t\t\t\t\n<style>\n#col-222171755 > .col-inner {\n  padding: 0px 40px 0px 30px;\n}\n@media (min-width:850px) {\n  #col-222171755 > .col-inner {\n    padding: 0px 100px 0px 30px;\n  }\n}\n<\/style>\n\t<\/div>\n\n\t\n\n<\/div>\n\n\t\t<\/div>\n\t\t\t\t\t<\/div>\n\n\t\n\n<\/div>\n\n\t\t<\/div>\n\n\t\t\n<style>\n#section_1971469157 {\n  padding-top: 30px;\n  padding-bottom: 30px;\n}\n<\/style>\n\t<\/section>\n\t\n<div class=\"row align-middle\"  id=\"row-289148020\">\n\n\n\t<div id=\"col-1010806244\" class=\"col medium-6 small-12 large-6\"  >\n\t\t\t\t<div class=\"col-inner\"  >\n\t\t\t\n\t\t\t\n\n\t<div class=\"img has-hover x md-x lg-x y md-y lg-y\" id=\"image_1509480788\">\n\t\t\t\t\t\t\t\t<div class=\"img-inner dark\" >\n\t\t\t<img decoding=\"async\" width=\"777\" height=\"800\" src=\"https:\/\/dresdner-kaffeestuebchen.de\/wp-content\/uploads\/2022\/03\/theke-777x800.jpg\" class=\"attachment-large size-large\" alt=\"Dresdner Kaffeest\u00fcbchen Theke\" srcset=\"https:\/\/dresdner-kaffeestuebchen.de\/wp-content\/uploads\/2022\/03\/theke-777x800.jpg 777w, https:\/\/dresdner-kaffeestuebchen.de\/wp-content\/uploads\/2022\/03\/theke-600x618.jpg 600w, https:\/\/dresdner-kaffeestuebchen.de\/wp-content\/uploads\/2022\/03\/theke-388x400.jpg 388w, https:\/\/dresdner-kaffeestuebchen.de\/wp-content\/uploads\/2022\/03\/theke-768x791.jpg 768w, https:\/\/dresdner-kaffeestuebchen.de\/wp-content\/uploads\/2022\/03\/theke.jpg 1000w\" sizes=\"(max-width: 777px) 100vw, 777px\" \/>\t\t\t\t\t\t\n\t\t\t\t\t<\/div>\n\t\t\t\t\t\t\t\t\n<style>\n#image_1509480788 {\n  width: 100%;\n}\n<\/style>\n\t<\/div>\n\t\n\n\n\t\t<\/div>\n\t\t\t\t\t<\/div>\n\n\t\n\n\t<div id=\"col-1570483704\" class=\"col medium-6 small-12 large-6\"  >\n\t\t\t\t<div class=\"col-inner\"  >\n\t\t\t\n\t\t\t\n\n\t<div class=\"img has-hover x md-x lg-x y md-y lg-y\" id=\"image_1674187698\">\n\t\t\t\t\t\t\t\t<div class=\"img-inner dark\" >\n\t\t\t<img decoding=\"async\" width=\"533\" height=\"800\" src=\"https:\/\/dresdner-kaffeestuebchen.de\/wp-content\/uploads\/2022\/03\/Lokal-533x800.jpg\" class=\"attachment-large size-large\" alt=\"Dresdner Kaffeest\u00fcbchen Lokal\" srcset=\"https:\/\/dresdner-kaffeestuebchen.de\/wp-content\/uploads\/2022\/03\/Lokal-533x800.jpg 533w, https:\/\/dresdner-kaffeestuebchen.de\/wp-content\/uploads\/2022\/03\/Lokal-600x900.jpg 600w, https:\/\/dresdner-kaffeestuebchen.de\/wp-content\/uploads\/2022\/03\/Lokal-267x400.jpg 267w, https:\/\/dresdner-kaffeestuebchen.de\/wp-content\/uploads\/2022\/03\/Lokal-768x1152.jpg 768w, https:\/\/dresdner-kaffeestuebchen.de\/wp-content\/uploads\/2022\/03\/Lokal.jpg 800w\" sizes=\"(max-width: 533px) 100vw, 533px\" \/>\t\t\t\t\t\t\n\t\t\t\t\t<\/div>\n\t\t\t\t\t\t\t\t\n<style>\n#image_1674187698 {\n  width: 100%;\n}\n<\/style>\n\t<\/div>\n\t\n\n\n\t\t<\/div>\n\t\t\t\t\t<\/div>\n\n\t\n\n<\/div>\n\n","protected":false},"excerpt":{"rendered":"","protected":false},"author":2,"featured_media":0,"parent":0,"menu_order":0,"comment_status":"closed","ping_status":"closed","template":"","meta":{"footnotes":""},"class_list":["post-846","page","type-page","status-publish","hentry"],"_links":{"self":[{"href":"https:\/\/dresdner-kaffeestuebchen.de\/en\/wp-json\/wp\/v2\/pages\/846","targetHints":{"allow":["GET"]}}],"collection":[{"href":"https:\/\/dresdner-kaffeestuebchen.de\/en\/wp-json\/wp\/v2\/pages"}],"about":[{"href":"https:\/\/dresdner-kaffeestuebchen.de\/en\/wp-json\/wp\/v2\/types\/page"}],"author":[{"embeddable":true,"href":"https:\/\/dresdner-kaffeestuebchen.de\/en\/wp-json\/wp\/v2\/users\/2"}],"replies":[{"embeddable":true,"href":"https:\/\/dresdner-kaffeestuebchen.de\/en\/wp-json\/wp\/v2\/comments?post=846"}],"version-history":[{"count":7,"href":"https:\/\/dresdner-kaffeestuebchen.de\/en\/wp-json\/wp\/v2\/pages\/846\/revisions"}],"predecessor-version":[{"id":1724,"href":"https:\/\/dresdner-kaffeestuebchen.de\/en\/wp-json\/wp\/v2\/pages\/846\/revisions\/1724"}],"wp:attachment":[{"href":"https:\/\/dresdner-kaffeestuebchen.de\/en\/wp-json\/wp\/v2\/media?parent=846"}],"curies":[{"name":"wp","href":"https:\/\/api.w.org\/{rel}","templated":true}]}}